{"id":21,"date":"2026-03-06T18:55:54","date_gmt":"2026-03-06T18:55:54","guid":{"rendered":"https:\/\/agustinagineragency.com\/tienda\/?post_type=product&#038;p=21"},"modified":"2026-04-18T12:09:40","modified_gmt":"2026-04-18T12:09:40","slug":"asesoria-11-con-agus-tu-hoja-de-ruta-en-el-ugc","status":"publish","type":"product","link":"https:\/\/agustinagineragency.com\/tienda\/product\/asesoria-11-con-agus-tu-hoja-de-ruta-en-el-ugc\/","title":{"rendered":"Asesor\u00eda 1:1 con Agus \u2014 Tu hoja de ruta en el UGC"},"content":{"rendered":"<p>\u00bfSent\u00eds que d\u00e1s vueltas en c\u00edrculos sin saber qu\u00e9 hacer para crecer como creador UGC o conseguir m\u00e1s clientes?<\/p>\n<p>En esta sesi\u00f3n trabajamos juntas en tu situaci\u00f3n real y sal\u00eds con un plan claro, concreto y accionable \u2014 sin vueltas.<\/p>\n<p>\u00bfQu\u00e9 analizamos en la sesi\u00f3n?<br \/>\n\u2713 Tu situaci\u00f3n actual como creador o emprendedor digital<br \/>\n\u2713 Qu\u00e9 est\u00e1 frenando tu crecimiento o tus ingresos<br \/>\n\u2713 Estrategia personalizada para tu pr\u00f3ximo paso<br \/>\n\u2713 Respuestas a todas tus dudas sobre tarifas, clientes, portafolio y m\u00e1s<\/p>\n<p>Detalles:<br \/>\n\u2713 Duraci\u00f3n: 60 minutos por videollamada<br \/>\n\u2713 Cupos limitados por mes<\/p>\n<p>\ud83d\udce9 Recibir\u00e1s el link para reservar tu sesi\u00f3n al finalizar la compra.<br \/>\n\ud83d\udcb3 Pod\u00e9s pagar en pesos argentinos con tarjeta, d\u00e9bito, efectivo o Mercado Pago.<\/p>\n","protected":false},"excerpt":{"rendered":"<p>Sesi\u00f3n 1:1 de 60 min con Agus para definir tu estrategia UGC. Cupos limitados. Pag\u00e1 en pesos o USD.<\/p>\n","protected":false},"featured_media":28,"comment_status":"open","ping_status":"closed","template":"","meta":[],"product_brand":[],"product_cat":[16],"product_tag":[],"class_list":{"0":"post-21","1":"product","2":"type-product","3":"status-publish","4":"has-post-thumbnail","6":"product_cat-recursos-ugc","8":"first","9":"instock","10":"downloadable","11":"virtual","12":"purchasable","13":"product-type-simple"},"_links":{"self":[{"href":"https:\/\/agustinagineragency.com\/tienda\/wp-json\/wp\/v2\/product\/21","targetHints":{"allow":["GET"]}}],"collection":[{"href":"https:\/\/agustinagineragency.com\/tienda\/wp-json\/wp\/v2\/product"}],"about":[{"href":"https:\/\/agustinagineragency.com\/tienda\/wp-json\/wp\/v2\/types\/product"}],"replies":[{"embeddable":true,"href":"https:\/\/agustinagineragency.com\/tienda\/wp-json\/wp\/v2\/comments?post=21"}],"wp:featuredmedia":[{"embeddable":true,"href":"https:\/\/agustinagineragency.com\/tienda\/wp-json\/wp\/v2\/media\/28"}],"wp:attachment":[{"href":"https:\/\/agustinagineragency.com\/tienda\/wp-json\/wp\/v2\/media?parent=21"}],"wp:term":[{"taxonomy":"product_brand","embeddable":true,"href":"https:\/\/agustinagineragency.com\/tienda\/wp-json\/wp\/v2\/product_brand?post=21"},{"taxonomy":"product_cat","embeddable":true,"href":"https:\/\/agustinagineragency.com\/tienda\/wp-json\/wp\/v2\/product_cat?post=21"},{"taxonomy":"product_tag","embeddable":true,"href":"https:\/\/agustinagineragency.com\/tienda\/wp-json\/wp\/v2\/product_tag?post=21"}],"curies":[{"name":"wp","href":"https:\/\/api.w.org\/{rel}","templated":true}]}}