{"id":19,"date":"2026-03-06T18:51:55","date_gmt":"2026-03-06T18:51:55","guid":{"rendered":"https:\/\/agustinagineragency.com\/tienda\/?post_type=product&#038;p=19"},"modified":"2026-03-09T22:21:23","modified_gmt":"2026-03-09T22:21:23","slug":"guia-eurotrip-toda-mi-investigacion-completa","status":"publish","type":"product","link":"https:\/\/agustinagineragency.com\/tienda\/product\/guia-eurotrip-toda-mi-investigacion-completa\/","title":{"rendered":"Gu\u00eda Eurotrip: Toda mi investigaci\u00f3n completa"},"content":{"rendered":"<p>Despu\u00e9s de planear mi Eurotrip de 2 meses, recopil\u00e9 toda la informaci\u00f3n en esta gu\u00eda para que vos tambi\u00e9n viajes organizado, gastes menos y disfrutes m\u00e1s.<\/p>\n<p>\u00bfQu\u00e9 incluye?<br \/>\n\u2705 Atracciones pagas y gratuitas con tiempos recomendados para reservar<br \/>\n\u2705 Alojamientos buenos, bonitos y baratos (hoteles, hostels, Airbnbs, apart)<br \/>\n\u2705 Gu\u00eda foodie con lugares virales y baratos<br \/>\n\u2705 Tips de ahorro reales en vuelos, trenes, comida y hospedaje<br \/>\n\u2705 Hacks de equipaje y medidas por aerol\u00ednea<br \/>\n\u2705 Presupuesto editable en Excel + control de gastos<br \/>\n\u2705 Apps y recursos imprescindibles (internet, transporte, asistencia al viajero)<\/p>\n<p>Formato: Excel descargable<br \/>\n\ud83d\udce5 Acceso inmediato al finalizar la compra.<br \/>\n\ud83d\udcb3 Pod\u00e9s pagar en pesos argentinos con tarjeta, d\u00e9bito, efectivo o Mercado Pago.<\/p>\n","protected":false},"excerpt":{"rendered":"<p>Toda la investigaci\u00f3n del Eurotrip de Agus en una gu\u00eda. Excel editable. Pag\u00e1 en pesos o USD.<\/p>\n","protected":false},"featured_media":39,"comment_status":"open","ping_status":"closed","template":"","meta":[],"product_brand":[],"product_cat":[18],"product_tag":[],"class_list":{"0":"post-19","1":"product","2":"type-product","3":"status-publish","4":"has-post-thumbnail","6":"product_cat-viajes","8":"first","9":"instock","10":"downloadable","11":"virtual","12":"purchasable","13":"product-type-simple"},"_links":{"self":[{"href":"https:\/\/agustinagineragency.com\/tienda\/wp-json\/wp\/v2\/product\/19","targetHints":{"allow":["GET"]}}],"collection":[{"href":"https:\/\/agustinagineragency.com\/tienda\/wp-json\/wp\/v2\/product"}],"about":[{"href":"https:\/\/agustinagineragency.com\/tienda\/wp-json\/wp\/v2\/types\/product"}],"replies":[{"embeddable":true,"href":"https:\/\/agustinagineragency.com\/tienda\/wp-json\/wp\/v2\/comments?post=19"}],"wp:featuredmedia":[{"embeddable":true,"href":"https:\/\/agustinagineragency.com\/tienda\/wp-json\/wp\/v2\/media\/39"}],"wp:attachment":[{"href":"https:\/\/agustinagineragency.com\/tienda\/wp-json\/wp\/v2\/media?parent=19"}],"wp:term":[{"taxonomy":"product_brand","embeddable":true,"href":"https:\/\/agustinagineragency.com\/tienda\/wp-json\/wp\/v2\/product_brand?post=19"},{"taxonomy":"product_cat","embeddable":true,"href":"https:\/\/agustinagineragency.com\/tienda\/wp-json\/wp\/v2\/product_cat?post=19"},{"taxonomy":"product_tag","embeddable":true,"href":"https:\/\/agustinagineragency.com\/tienda\/wp-json\/wp\/v2\/product_tag?post=19"}],"curies":[{"name":"wp","href":"https:\/\/api.w.org\/{rel}","templated":true}]}}